{"id":438,"date":"2015-08-25T15:58:17","date_gmt":"2015-08-25T13:58:17","guid":{"rendered":"http:\/\/ffw-eberstadt.de\/cms\/?page_id=438"},"modified":"2024-05-15T15:51:57","modified_gmt":"2024-05-15T13:51:57","slug":"kommandanten","status":"publish","type":"page","link":"http:\/\/ffw-eberstadt.de\/cms\/kommandanten\/","title":{"rendered":"Kontakt"},"content":{"rendered":"<p><strong>Gesamtkommandant\u00a0<\/strong><\/p>\n<p>Marco Hinner<\/p>\n<p><strong>Stellvertretender Gesamtkommandant\u00a0 \/ Abteilungskommandant Eberstadt<\/strong><\/p>\n<p>Markus Kirn<\/p>\n<p><strong>Stellvertretender Abteilungskommandant Eberstadt<\/strong><\/p>\n<p>Eric Braeuninger<\/p>\n<p><strong>Abteilungskommandant H\u00f6lzern<\/strong><\/p>\n<p>Tim Herrmann<\/p>\n<p><strong>Stellvertretender Abteilungskommandant H\u00f6lzern<\/strong><\/p>\n<p>Robert Schieker<\/p>\n<p><strong>Ger\u00e4tewarte<\/strong><\/p>\n<p>Heiko Dierolf<\/p>\n<p><strong>Kassierer \/ Schriftf\u00fchrer<\/strong><\/p>\n<p>Christian Wieland<\/p>\n","protected":false},"excerpt":{"rendered":"<p>Gesamtkommandant\u00a0 Marco Hinner Stellvertretender Gesamtkommandant\u00a0 \/ Abteilungskommandant Eberstadt Markus Kirn Stellvertretender Abteilungskommandant Eberstadt Eric Braeuninger Abteilungskommandant H\u00f6lzern Tim Herrmann Stellvertretender Abteilungskommandant H\u00f6lzern Robert Schieker Ger\u00e4tewarte Heiko Dierolf Kassierer \/ Schriftf\u00fchrer Christian Wieland<\/p>\n","protected":false},"author":1,"featured_media":0,"parent":0,"menu_order":0,"comment_status":"closed","ping_status":"closed","template":"","meta":{"footnotes":""},"_links":{"self":[{"href":"http:\/\/ffw-eberstadt.de\/cms\/wp-json\/wp\/v2\/pages\/438"}],"collection":[{"href":"http:\/\/ffw-eberstadt.de\/cms\/wp-json\/wp\/v2\/pages"}],"about":[{"href":"http:\/\/ffw-eberstadt.de\/cms\/wp-json\/wp\/v2\/types\/page"}],"author":[{"embeddable":true,"href":"http:\/\/ffw-eberstadt.de\/cms\/wp-json\/wp\/v2\/users\/1"}],"replies":[{"embeddable":true,"href":"http:\/\/ffw-eberstadt.de\/cms\/wp-json\/wp\/v2\/comments?post=438"}],"version-history":[{"count":11,"href":"http:\/\/ffw-eberstadt.de\/cms\/wp-json\/wp\/v2\/pages\/438\/revisions"}],"predecessor-version":[{"id":1433,"href":"http:\/\/ffw-eberstadt.de\/cms\/wp-json\/wp\/v2\/pages\/438\/revisions\/1433"}],"wp:attachment":[{"href":"http:\/\/ffw-eberstadt.de\/cms\/wp-json\/wp\/v2\/media?parent=438"}],"curies":[{"name":"wp","href":"https:\/\/api.w.org\/{rel}","templated":true}]}}