{"id":26,"date":"2015-02-20T12:58:17","date_gmt":"2015-02-20T12:58:17","guid":{"rendered":"http:\/\/ffw-eberstadt.de\/cms\/?page_id=26"},"modified":"2024-05-15T12:42:45","modified_gmt":"2024-05-15T10:42:45","slug":"willkommen","status":"publish","type":"page","link":"http:\/\/ffw-eberstadt.de\/cms\/","title":{"rendered":"Willkommen"},"content":{"rendered":"<p><img loading=\"lazy\" decoding=\"async\" class=\"wp-image-1421  aligncenter\" src=\"http:\/\/ffw-eberstadt.de\/cms\/wp-content\/uploads\/2024\/05\/Notruf-1-500x263.jpg\" alt=\"\" width=\"272\" height=\"143\" srcset=\"http:\/\/ffw-eberstadt.de\/cms\/wp-content\/uploads\/2024\/05\/Notruf-1-500x263.jpg 500w, http:\/\/ffw-eberstadt.de\/cms\/wp-content\/uploads\/2024\/05\/Notruf-1-768x403.jpg 768w, http:\/\/ffw-eberstadt.de\/cms\/wp-content\/uploads\/2024\/05\/Notruf-1-570x299.jpg 570w, http:\/\/ffw-eberstadt.de\/cms\/wp-content\/uploads\/2024\/05\/Notruf-1.jpg 792w\" sizes=\"(max-width: 272px) 100vw, 272px\" \/><\/p>\n<hr \/>\n<p>Seit 1991 gilt europaweit die Notrufnummer 112. Doch es war ein langer Weg zum einheitlichen Notruf. Bereits seit den siebziger Jahren war die 112 in der Bundesrepublik Deutschland gebr\u00e4uchlich. Die meisten Menschen haben sie derart verinnerlicht, als handele es sich um eine Art Lebensgesetz. Der Rettungsdienst und die Entwicklung des Notrufs verliefen parallel. Das Rote Kreuz in Deutschland spielte von Beginn an eine wichtige Rolle bei der Etablierung der Notrufnummer. Die ersten Notfallstationen gingen aus den Sanit\u00e4tskolonnen hervor, die bei Ungl\u00fccksf\u00e4llen Erste Hilfe leisteten und den Transport von Verungl\u00fcckten und Kranken \u00fcbernahmen. Ein entscheidendes Element dabei war die schnellstm\u00f6gliche Benachrichtigung von Helfern, weshalb eine der ersten Telefonverbindungen der Stadt zwischen der Polizeidirektion und der zentralen Sanit\u00e4tsstation installiert wurde. \u00c4hnliche Einrichtungen entstanden bald auch in Deutschland, h\u00e4ufig getragen vom Roten Kreuz. Ab 1905 kamen die ersten Automobile f\u00fcr Krankentransporte und Rettungsfahrten zum Einsatz, und ihre Zahl wuchs stetig an. Die 112 ist heute eine unverzichtbare Nummer im Notfall<\/p>\n","protected":false},"excerpt":{"rendered":"<p>Seit 1991 gilt europaweit die Notrufnummer 112. Doch es war ein langer Weg zum einheitlichen Notruf. Bereits seit den siebziger Jahren war die 112 in der Bundesrepublik Deutschland gebr\u00e4uchlich. Die meisten Menschen haben sie derart verinnerlicht, als handele es sich um eine Art Lebensgesetz. Der Rettungsdienst und die Entwicklung des Notrufs verliefen parallel. Das Rote [&hellip;]<\/p>\n","protected":false},"author":1,"featured_media":0,"parent":0,"menu_order":0,"comment_status":"open","ping_status":"open","template":"","meta":{"footnotes":""},"_links":{"self":[{"href":"http:\/\/ffw-eberstadt.de\/cms\/wp-json\/wp\/v2\/pages\/26"}],"collection":[{"href":"http:\/\/ffw-eberstadt.de\/cms\/wp-json\/wp\/v2\/pages"}],"about":[{"href":"http:\/\/ffw-eberstadt.de\/cms\/wp-json\/wp\/v2\/types\/page"}],"author":[{"embeddable":true,"href":"http:\/\/ffw-eberstadt.de\/cms\/wp-json\/wp\/v2\/users\/1"}],"replies":[{"embeddable":true,"href":"http:\/\/ffw-eberstadt.de\/cms\/wp-json\/wp\/v2\/comments?post=26"}],"version-history":[{"count":4,"href":"http:\/\/ffw-eberstadt.de\/cms\/wp-json\/wp\/v2\/pages\/26\/revisions"}],"predecessor-version":[{"id":1425,"href":"http:\/\/ffw-eberstadt.de\/cms\/wp-json\/wp\/v2\/pages\/26\/revisions\/1425"}],"wp:attachment":[{"href":"http:\/\/ffw-eberstadt.de\/cms\/wp-json\/wp\/v2\/media?parent=26"}],"curies":[{"name":"wp","href":"https:\/\/api.w.org\/{rel}","templated":true}]}}